{"id":34,"date":"2024-02-03T10:02:56","date_gmt":"2024-02-03T10:02:56","guid":{"rendered":"https:\/\/hdhungary.hu\/?page_id=34"},"modified":"2024-02-03T10:45:28","modified_gmt":"2024-02-03T10:45:28","slug":"adr","status":"publish","type":"page","link":"https:\/\/hdhungary.hu\/index.php\/adr\/","title":{"rendered":"ADR"},"content":{"rendered":"\n<p>&#8211; ADR anyagbesorol\u00e1sok elv\u00e9gz\u00e9se<\/p>\n\n\n\n<p>&#8211; ADR fuvarokm\u00e1nyok elk\u00e9sz\u00edt\u00e9se<\/p>\n\n\n\n<p>&#8211; ADR oktat\u00e1sok megtart\u00e1sa<\/p>\n\n\n\n<p>&#8211; ADR \u00e9ves jelent\u00e9s elk\u00e9sz\u00edt\u00e9se<\/p>\n\n\n\n<p>&#8211; Sz\u00fcks\u00e9ges csomagol\u00e1sok, jel\u00f6l\u00e9sek defini\u00e1l\u00e1sa<\/p>\n","protected":false},"excerpt":{"rendered":"<p>&#8211; ADR anyagbesorol\u00e1sok elv\u00e9gz\u00e9se &#8211; ADR fuvarokm\u00e1nyok elk\u00e9sz\u00edt\u00e9se &#8211; ADR oktat\u00e1sok megtart\u00e1sa &#8211; ADR \u00e9ves jelent\u00e9s elk\u00e9sz\u00edt\u00e9se &#8211; Sz\u00fcks\u00e9ges csomagol\u00e1sok, jel\u00f6l\u00e9sek defini\u00e1l\u00e1sa<\/p>\n","protected":false},"author":1,"featured_media":0,"parent":0,"menu_order":0,"comment_status":"closed","ping_status":"closed","template":"","meta":{"footnotes":""},"class_list":["post-34","page","type-page","status-publish","hentry"],"_links":{"self":[{"href":"https:\/\/hdhungary.hu\/index.php\/wp-json\/wp\/v2\/pages\/34","targetHints":{"allow":["GET"]}}],"collection":[{"href":"https:\/\/hdhungary.hu\/index.php\/wp-json\/wp\/v2\/pages"}],"about":[{"href":"https:\/\/hdhungary.hu\/index.php\/wp-json\/wp\/v2\/types\/page"}],"author":[{"embeddable":true,"href":"https:\/\/hdhungary.hu\/index.php\/wp-json\/wp\/v2\/users\/1"}],"replies":[{"embeddable":true,"href":"https:\/\/hdhungary.hu\/index.php\/wp-json\/wp\/v2\/comments?post=34"}],"version-history":[{"count":2,"href":"https:\/\/hdhungary.hu\/index.php\/wp-json\/wp\/v2\/pages\/34\/revisions"}],"predecessor-version":[{"id":65,"href":"https:\/\/hdhungary.hu\/index.php\/wp-json\/wp\/v2\/pages\/34\/revisions\/65"}],"wp:attachment":[{"href":"https:\/\/hdhungary.hu\/index.php\/wp-json\/wp\/v2\/media?parent=34"}],"curies":[{"name":"wp","href":"https:\/\/api.w.org\/{rel}","templated":true}]}}