{"id":32,"date":"2024-02-03T10:02:35","date_gmt":"2024-02-03T10:02:35","guid":{"rendered":"https:\/\/hdhungary.hu\/?page_id=32"},"modified":"2024-02-03T10:45:08","modified_gmt":"2024-02-03T10:45:08","slug":"kornyezetvedelem","status":"publish","type":"page","link":"https:\/\/hdhungary.hu\/index.php\/kornyezetvedelem\/","title":{"rendered":"K\u00f6rnyezetv\u00e9delem"},"content":{"rendered":"\n<p>&#8211; K\u00f6rnyezetv\u00e9delmi regisztr\u00e1ci\u00f3k elk\u00e9sz\u00edt\u00e9se (hullad\u00e9k, leveg\u0151, FAVI)<\/p>\n\n\n\n<p>&#8211; \u00c9ves adatszolg\u00e1ltat\u00e1sok elk\u00e9sz\u00edt\u00e9se<\/p>\n\n\n\n<p>&#8211; Hullad\u00e9kok besorol\u00e1sa<\/p>\n\n\n\n<p>&#8211; Folyamatok k\u00f6rnyezetv\u00e9delmi szempont\u00fa managel\u00e9se<\/p>\n\n\n\n<p>&#8211; Sz\u00fcks\u00e9ges int\u00e9zked\u00e9sek defini\u00e1l\u00e1sa \u00e9s koordin\u00e1l\u00e1sa<\/p>\n\n\n\n<p>&#8211; Szennyv\u00edz \u00f6nellen\u0151rz\u00e9si terv elk\u00e9sz\u00edt\u00e9se \u00e9s m\u0171k\u00f6dtet\u00e9se<\/p>\n","protected":false},"excerpt":{"rendered":"<p>&#8211; K\u00f6rnyezetv\u00e9delmi regisztr\u00e1ci\u00f3k elk\u00e9sz\u00edt\u00e9se (hullad\u00e9k, leveg\u0151, FAVI) &#8211; \u00c9ves adatszolg\u00e1ltat\u00e1sok elk\u00e9sz\u00edt\u00e9se &#8211; Hullad\u00e9kok besorol\u00e1sa &#8211; Folyamatok k\u00f6rnyezetv\u00e9delmi szempont\u00fa managel\u00e9se &#8211; Sz\u00fcks\u00e9ges int\u00e9zked\u00e9sek defini\u00e1l\u00e1sa \u00e9s koordin\u00e1l\u00e1sa &#8211; Szennyv\u00edz \u00f6nellen\u0151rz\u00e9si terv elk\u00e9sz\u00edt\u00e9se \u00e9s m\u0171k\u00f6dtet\u00e9se<\/p>\n","protected":false},"author":1,"featured_media":0,"parent":0,"menu_order":0,"comment_status":"closed","ping_status":"closed","template":"","meta":{"footnotes":""},"class_list":["post-32","page","type-page","status-publish","hentry"],"_links":{"self":[{"href":"https:\/\/hdhungary.hu\/index.php\/wp-json\/wp\/v2\/pages\/32","targetHints":{"allow":["GET"]}}],"collection":[{"href":"https:\/\/hdhungary.hu\/index.php\/wp-json\/wp\/v2\/pages"}],"about":[{"href":"https:\/\/hdhungary.hu\/index.php\/wp-json\/wp\/v2\/types\/page"}],"author":[{"embeddable":true,"href":"https:\/\/hdhungary.hu\/index.php\/wp-json\/wp\/v2\/users\/1"}],"replies":[{"embeddable":true,"href":"https:\/\/hdhungary.hu\/index.php\/wp-json\/wp\/v2\/comments?post=32"}],"version-history":[{"count":2,"href":"https:\/\/hdhungary.hu\/index.php\/wp-json\/wp\/v2\/pages\/32\/revisions"}],"predecessor-version":[{"id":64,"href":"https:\/\/hdhungary.hu\/index.php\/wp-json\/wp\/v2\/pages\/32\/revisions\/64"}],"wp:attachment":[{"href":"https:\/\/hdhungary.hu\/index.php\/wp-json\/wp\/v2\/media?parent=32"}],"curies":[{"name":"wp","href":"https:\/\/api.w.org\/{rel}","templated":true}]}}