{"id":30,"date":"2024-02-03T10:02:06","date_gmt":"2024-02-03T10:02:06","guid":{"rendered":"https:\/\/hdhungary.hu\/?page_id=30"},"modified":"2024-02-03T10:44:57","modified_gmt":"2024-02-03T10:44:57","slug":"tuzvedelem","status":"publish","type":"page","link":"https:\/\/hdhungary.hu\/index.php\/tuzvedelem\/","title":{"rendered":"T\u0171zv\u00e9delem"},"content":{"rendered":"\n<p>&#8211; T\u0171zv\u00e9delemi szab\u00e1lyzat<\/p>\n\n\n\n<p>&#8211; T\u0171zriad\u00f3 terv<\/p>\n\n\n\n<p>&#8211; T\u0171zriad\u00f3 gyakorlatok<\/p>\n\n\n\n<p>&#8211; T\u0171zv\u00e9delmi oktat\u00e1sok<\/p>\n\n\n\n<p>&#8211; Biztons\u00e1gi terv (szabadt\u00e9ri rendezv\u00e9nyek, zen\u00e9s, t\u00e1ncos rendezv\u00e9nyek)<\/p>\n","protected":false},"excerpt":{"rendered":"<p>&#8211; T\u0171zv\u00e9delemi szab\u00e1lyzat &#8211; T\u0171zriad\u00f3 terv &#8211; T\u0171zriad\u00f3 gyakorlatok &#8211; T\u0171zv\u00e9delmi oktat\u00e1sok &#8211; Biztons\u00e1gi terv (szabadt\u00e9ri rendezv\u00e9nyek, zen\u00e9s, t\u00e1ncos rendezv\u00e9nyek)<\/p>\n","protected":false},"author":1,"featured_media":0,"parent":0,"menu_order":0,"comment_status":"closed","ping_status":"closed","template":"","meta":{"footnotes":""},"class_list":["post-30","page","type-page","status-publish","hentry"],"_links":{"self":[{"href":"https:\/\/hdhungary.hu\/index.php\/wp-json\/wp\/v2\/pages\/30","targetHints":{"allow":["GET"]}}],"collection":[{"href":"https:\/\/hdhungary.hu\/index.php\/wp-json\/wp\/v2\/pages"}],"about":[{"href":"https:\/\/hdhungary.hu\/index.php\/wp-json\/wp\/v2\/types\/page"}],"author":[{"embeddable":true,"href":"https:\/\/hdhungary.hu\/index.php\/wp-json\/wp\/v2\/users\/1"}],"replies":[{"embeddable":true,"href":"https:\/\/hdhungary.hu\/index.php\/wp-json\/wp\/v2\/comments?post=30"}],"version-history":[{"count":2,"href":"https:\/\/hdhungary.hu\/index.php\/wp-json\/wp\/v2\/pages\/30\/revisions"}],"predecessor-version":[{"id":63,"href":"https:\/\/hdhungary.hu\/index.php\/wp-json\/wp\/v2\/pages\/30\/revisions\/63"}],"wp:attachment":[{"href":"https:\/\/hdhungary.hu\/index.php\/wp-json\/wp\/v2\/media?parent=30"}],"curies":[{"name":"wp","href":"https:\/\/api.w.org\/{rel}","templated":true}]}}