{"id":28,"date":"2024-02-03T10:01:44","date_gmt":"2024-02-03T10:01:44","guid":{"rendered":"https:\/\/hdhungary.hu\/?page_id=28"},"modified":"2024-02-03T10:44:28","modified_gmt":"2024-02-03T10:44:28","slug":"munkavedelem","status":"publish","type":"page","link":"https:\/\/hdhungary.hu\/index.php\/munkavedelem\/","title":{"rendered":"Munkav\u00e9delem"},"content":{"rendered":"\n<p>&#8211; Munkav\u00e9delmi szab\u00e1lyzat<\/p>\n\n\n\n<p>&#8211; Kock\u00e1zat\u00e9rt\u00e9kel\u00e9s<\/p>\n\n\n\n<p>&#8211; K\u00e9miai kock\u00e1zat\u00e9rt\u00e9kel\u00e9s<\/p>\n\n\n\n<p>&#8211; Pszichoszoci\u00e1lis kock\u00e1zat\u00e9rt\u00e9kel\u00e9s<\/p>\n\n\n\n<p>&#8211; Egy\u00e9ni v\u00e9d\u0151eszk\u00f6z\u00f6k juttat\u00e1s\u00e1nak rendje<\/p>\n\n\n\n<p>&#8211; Orvosi alkalmass\u00e1gi vizsg\u00e1latok rendje<\/p>\n\n\n\n<p>&#8211; Munkav\u00e9delmi oktat\u00e1sok<\/p>\n","protected":false},"excerpt":{"rendered":"<p>&#8211; Munkav\u00e9delmi szab\u00e1lyzat &#8211; Kock\u00e1zat\u00e9rt\u00e9kel\u00e9s &#8211; K\u00e9miai kock\u00e1zat\u00e9rt\u00e9kel\u00e9s &#8211; Pszichoszoci\u00e1lis kock\u00e1zat\u00e9rt\u00e9kel\u00e9s &#8211; Egy\u00e9ni v\u00e9d\u0151eszk\u00f6z\u00f6k juttat\u00e1s\u00e1nak rendje &#8211; Orvosi alkalmass\u00e1gi vizsg\u00e1latok rendje &#8211; Munkav\u00e9delmi oktat\u00e1sok<\/p>\n","protected":false},"author":1,"featured_media":0,"parent":0,"menu_order":0,"comment_status":"closed","ping_status":"closed","template":"","meta":{"footnotes":""},"class_list":["post-28","page","type-page","status-publish","hentry"],"_links":{"self":[{"href":"https:\/\/hdhungary.hu\/index.php\/wp-json\/wp\/v2\/pages\/28","targetHints":{"allow":["GET"]}}],"collection":[{"href":"https:\/\/hdhungary.hu\/index.php\/wp-json\/wp\/v2\/pages"}],"about":[{"href":"https:\/\/hdhungary.hu\/index.php\/wp-json\/wp\/v2\/types\/page"}],"author":[{"embeddable":true,"href":"https:\/\/hdhungary.hu\/index.php\/wp-json\/wp\/v2\/users\/1"}],"replies":[{"embeddable":true,"href":"https:\/\/hdhungary.hu\/index.php\/wp-json\/wp\/v2\/comments?post=28"}],"version-history":[{"count":2,"href":"https:\/\/hdhungary.hu\/index.php\/wp-json\/wp\/v2\/pages\/28\/revisions"}],"predecessor-version":[{"id":62,"href":"https:\/\/hdhungary.hu\/index.php\/wp-json\/wp\/v2\/pages\/28\/revisions\/62"}],"wp:attachment":[{"href":"https:\/\/hdhungary.hu\/index.php\/wp-json\/wp\/v2\/media?parent=28"}],"curies":[{"name":"wp","href":"https:\/\/api.w.org\/{rel}","templated":true}]}}