{"id":26,"date":"2024-02-03T09:58:43","date_gmt":"2024-02-03T09:58:43","guid":{"rendered":"https:\/\/hdhungary.hu\/?page_id=26"},"modified":"2024-02-03T10:28:10","modified_gmt":"2024-02-03T10:28:10","slug":"chill-and-relax","status":"publish","type":"page","link":"https:\/\/hdhungary.hu\/index.php\/chill-and-relax\/","title":{"rendered":"Chill and Relax"},"content":{"rendered":"\n<p>Hogy mi\u00e9rt v\u00e1lassz minket?<\/p>\n\n\n\n<p>Bizony\u00e1ra neked is eleged van a m\u00e9rhetetlen mennyis\u00e9g\u0171 pap\u00edrb\u00f3l, pap\u00edr alap\u00fa dokumentumb\u00f3l. Te is ismered azt az \u00e9rz\u00e9st, hogy akkor amikor egy dokumentumra sz\u00fcks\u00e9ged van akkor pont azt nem tal\u00e1lod. Bizony\u00e1ra m\u00e1r veled is el\u0151fordult, hogy a hat\u00f3s\u00e1g kopogtatott az ajt\u00f3don \u00e9s az ellen\u0151r k\u00e9rte a munkav\u00e9delmi vagy t\u0171zv\u00e9delmi dokumentumodat \u00e9s heves sz\u00edvdobog\u00e1s mellett kerested, mert tudtad, hogy valahol megvan vagy legal\u00e1bb is \u00fagy gondoltad, hogy megvan.<\/p>\n\n\n\n<p>De nem volt meg!<\/p>\n\n\n\n<p>Oda kellett \u00e1llnod az ellen\u0151r el\u00e9 les\u00e1padva, izzad\u00f3 teny\u00e9rrel remeg\u0151 k\u00e9zzel \u00e9s k\u00f6z\u00f6ln\u00f6d kellet, hogy<\/p>\n\n\n\n<p>NEM TAL\u00c1LOM!<\/p>\n\n\n\n<p>Ennek, a mi szolg\u00e1ltat\u00e1sunkal egyszer \u00e9s mindenkor v\u00e9ge!<\/p>\n\n\n\n<p>Ismerd meg a pap\u00edrmentes online, azonnal a nap 24 \u00f3r\u00e1j\u00e1ban el\u00e9rhet\u0151 Chill and Relax szolg\u00e1lat\u00e1runkat.<\/p>\n\n\n\n<ul class=\"wp-block-list\">\n<li>Nincsenek t\u00f6bb\u00e9 dosszi\u00e9k<\/li>\n\n\n\n<li>Nincsenek t\u00f6bb\u00e9&nbsp; pap\u00edrhalmok<\/li>\n\n\n\n<li>Nincsenek t\u00f6bb\u00e9 elt\u0171nt dokumentumok<\/li>\n\n\n\n<li>Nincs t\u00f6bb\u00e9 les\u00e1pad\u00e1s, izzad\u00f3 teny\u00e9r remeg\u0151 k\u00e9z az ellen\u0151rz\u00e9s sor\u00e1n<\/li>\n<\/ul>\n\n\n\n<p>Neked csak 3 teend\u0151d van ha megjelenik a hat\u00f3s\u00e1g \u00e9s a munkav\u00e9delmi, t\u0171zv\u00e9delmi dokumentumaidat k\u00e9ri:<\/p>\n\n\n\n<ol class=\"wp-block-list\">\n<li>Le\u00fclteted egy sz\u00e1m\u00edt\u00f3g\u00e9p el\u00e9 vagy a kez\u00e9be adsz egy okostelefont vagy t\u00e1blag\u00e9pet<\/li>\n\n\n\n<li>Megnyitod az \u00e1ltalunk biztos\u00edtott online fel\u00fcletet<\/li>\n\n\n\n<li>\u2026 \u00e9s ami a legfontosabb h\u00e1trad\u0151lsz \u00e9s \u00e9lvezed a Chill and Relax szolg\u00e1ltatunk \u00e1ltal biztos\u00edtott nyugalmat<\/li>\n<\/ol>\n\n\n\n<p>Hogy n\u00e9z ki a szolg\u00e1ltat\u00e1s?<\/p>\n\n\n\n<p>Minden \u00fcgyfel\u00fcnk sz\u00e1m\u00e1ra biztos\u00edtunk egy felhaszn\u00e1l\u00f3 n\u00e9vvel \u00e9s jelsz\u00f3val v\u00e9dett online felh\u0151 fi\u00f3kot. Az online fi\u00f3kban felt\u00f6lt\u00e9sre ker\u00fclnek az \u00e1ltalunk k\u00e9sz\u00edtett munkav\u00e9delmi \u00e9s t\u0171zv\u00e9delmi dokumentumok. Ezek a dokumentumok mind elektronikus form\u00e1ban eredeti p\u00e9ld\u00e1nyok mivel mindet elektronikusan \u00edrunk al\u00e1 az E-szign\u00f3 szolg\u00e1ltat\u00e1s j\u00f3volt\u00e1b\u00f3l. Pap\u00edr alap\u00fa anyagokat nem k\u00e9sz\u00edt\u00fcnk ezzel nagyon nagy m\u00e9rt\u00e9kben cs\u00f6kkentj\u00fck a pap\u00edr \u00e9s nyomtat\u00f3 kell\u00e9k felhaszn\u00e1l\u00e1st.&nbsp;<\/p>\n\n\n\n<p>A f\u00e1k maradjanak az erd\u0151ben dokumentumaid pedig a felh\u0151ben<\/p>\n\n\n\n<p>Gyere \u00e9s pr\u00f3b\u00e1ld ki a Chill and Relax szolg\u00e1ltat\u00e1sunk ny\u00fajtotta el\u0151ny\u00f6ket!<\/p>\n","protected":false},"excerpt":{"rendered":"<p>Hogy mi\u00e9rt v\u00e1lassz minket? Bizony\u00e1ra neked is eleged van a m\u00e9rhetetlen mennyis\u00e9g\u0171 pap\u00edrb\u00f3l, pap\u00edr alap\u00fa dokumentumb\u00f3l. Te is ismered azt az \u00e9rz\u00e9st, hogy akkor amikor egy dokumentumra sz\u00fcks\u00e9ged van akkor pont azt nem tal\u00e1lod. Bizony\u00e1ra m\u00e1r veled is el\u0151fordult, hogy a hat\u00f3s\u00e1g kopogtatott az ajt\u00f3don \u00e9s az ellen\u0151r k\u00e9rte a munkav\u00e9delmi vagy t\u0171zv\u00e9delmi dokumentumodat \u00e9s [&hellip;]<\/p>\n","protected":false},"author":1,"featured_media":0,"parent":0,"menu_order":0,"comment_status":"closed","ping_status":"closed","template":"","meta":{"footnotes":""},"class_list":["post-26","page","type-page","status-publish","hentry"],"_links":{"self":[{"href":"https:\/\/hdhungary.hu\/index.php\/wp-json\/wp\/v2\/pages\/26","targetHints":{"allow":["GET"]}}],"collection":[{"href":"https:\/\/hdhungary.hu\/index.php\/wp-json\/wp\/v2\/pages"}],"about":[{"href":"https:\/\/hdhungary.hu\/index.php\/wp-json\/wp\/v2\/types\/page"}],"author":[{"embeddable":true,"href":"https:\/\/hdhungary.hu\/index.php\/wp-json\/wp\/v2\/users\/1"}],"replies":[{"embeddable":true,"href":"https:\/\/hdhungary.hu\/index.php\/wp-json\/wp\/v2\/comments?post=26"}],"version-history":[{"count":3,"href":"https:\/\/hdhungary.hu\/index.php\/wp-json\/wp\/v2\/pages\/26\/revisions"}],"predecessor-version":[{"id":58,"href":"https:\/\/hdhungary.hu\/index.php\/wp-json\/wp\/v2\/pages\/26\/revisions\/58"}],"wp:attachment":[{"href":"https:\/\/hdhungary.hu\/index.php\/wp-json\/wp\/v2\/media?parent=26"}],"curies":[{"name":"wp","href":"https:\/\/api.w.org\/{rel}","templated":true}]}}